{"id":54,"date":"2015-10-14T21:14:00","date_gmt":"2015-10-14T20:14:00","guid":{"rendered":"http:\/\/parolesetmusique-lyon.org\/?page_id=54"},"modified":"2025-07-02T14:03:41","modified_gmt":"2025-07-02T13:03:41","slug":"adherer","status":"publish","type":"page","link":"https:\/\/parolesetmusique-lyon.org\/?page_id=54","title":{"rendered":"Adh\u00e9rer"},"content":{"rendered":"<div class=\"flex_column av_one_full  flex_column_div av-zero-column-padding first  avia-builder-el-0  el_before_av_one_full  avia-builder-el-first  \" style='border-radius:0px; '><div  style='padding-bottom:10px; ' class='av-special-heading av-special-heading-h3    avia-builder-el-1  avia-builder-el-no-sibling  '><h3 class='av-special-heading-tag '  itemprop=\"headline\"  >POURQUOI adh\u00e9rer ?<\/h3><div class='special-heading-border'><div class='special-heading-inner-border' ><\/div><\/div><\/div><\/div>\n<div class=\"flex_column av_one_full  flex_column_div av-zero-column-padding first  avia-builder-el-2  el_after_av_one_full  el_before_av_one_full  column-top-margin\" style='border-radius:0px; '><section class=\"av_textblock_section \"  itemscope=\"itemscope\" itemtype=\"https:\/\/schema.org\/CreativeWork\" ><div class='avia_textblock  '  style='font-size:13px; '  itemprop=\"text\" ><div id=\"page\" class=\"site\">\n<div id=\"content\" class=\"site-content\">\n<div class=\"ak-container\">\n<div id=\"primary\" class=\"content-area\">\n<article class=\"post-131 page type-page status-publish hentry\">\n<div class=\"entry-content\">\n<ul>\n<li><span style=\"color: #000000;\">Pour vous associer \u00e0 l&rsquo;objectif men\u00e9 par Paroles et Musique Lyon : accompagner et soutenir de <strong>jeunes talents\u00a0\u00a0<\/strong><\/span><\/li>\n<li><span style=\"color: #000000;\">et permettre le d\u00e9veloppement de ses activit\u00e9s<\/span><\/li>\n<li><span style=\"color: #000000;\">Pour partager et faire partager la musique et les diff\u00e9rents langages artistiques, rencontrer les jeunes interpr\u00e8tes de la saison<\/span><\/li>\n<li><span style=\"color: #000000;\">Pour \u00eatre inform\u00e9 r\u00e9guli\u00e8rement de la programmation et des projets de Paroles et Musique Lyon, des coups de c\u0153ur de la saison culturelle lyonnaise, notamment par un bulletin d&rsquo;actualit\u00e9s envoy\u00e9 r\u00e9guli\u00e8rement, pour suivre le parcours des artistes sollicit\u00e9s par l&rsquo;association.<\/span><\/li>\n<\/ul>\n<\/div>\n<\/article>\n<\/div>\n<\/div>\n<\/div>\n<\/div>\n<\/div><\/section><\/div>\n<div class=\"flex_column av_one_full  flex_column_div av-zero-column-padding first  avia-builder-el-4  el_after_av_one_full  el_before_av_one_full  column-top-margin\" style='border-radius:0px; '><div  style='padding-bottom:10px; ' class='av-special-heading av-special-heading-h3    avia-builder-el-5  avia-builder-el-no-sibling  '><h3 class='av-special-heading-tag '  itemprop=\"headline\"  >COMMENT adh\u00e9rer ?<\/h3><div class='special-heading-border'><div class='special-heading-inner-border' ><\/div><\/div><\/div><\/div>\n<div class=\"flex_column av_one_full  flex_column_div av-zero-column-padding first  avia-builder-el-6  el_after_av_one_full  el_before_av_one_full  column-top-margin\" style='background: #ededed; background-color:#ededed; border-radius:0px; '><section class=\"av_textblock_section \"  itemscope=\"itemscope\" itemtype=\"https:\/\/schema.org\/CreativeWork\" ><div class='avia_textblock  av_inherit_color '  style='color:#000000; '  itemprop=\"text\" ><h3><\/h3>\n<blockquote>\n<h5><strong>Directement en ligne sur le site Hello Asso\u00a0<\/strong><\/h5>\n<\/blockquote>\n<p class=\"p1\">Possibilit\u00e9 de s&rsquo;inscrire et de r\u00e9gler par virement sur le site HelloAsso<\/p>\n<p class=\"p2\"><span style=\"color: #ff0000;\"><a style=\"color: #ff0000;\" href=\"https:\/\/www.helloasso.com\/associations\/paroles-et-musique-lyon\"><b>Acc\u00e9der \u00e0 l&rsquo;adh\u00e9sion<\/b><\/a><\/span><\/p>\n<\/div><\/section><\/div>\n<div class=\"flex_column av_one_full  flex_column_div av-zero-column-padding first  avia-builder-el-8  el_after_av_one_full  avia-builder-el-last  column-top-margin\" style='border-radius:0px; '><section class=\"av_textblock_section \"  itemscope=\"itemscope\" itemtype=\"https:\/\/schema.org\/CreativeWork\" ><div class='avia_textblock  '  style='font-size:13px; '  itemprop=\"text\" ><blockquote>\n<h5><strong>En t\u00e9l\u00e9chargeant le formulaire d&rsquo;adh\u00e9sion ou de soutien<\/strong><\/h5>\n<\/blockquote>\n<div id=\"primary\" class=\"content-area\">\n<p style=\"text-align: center;\">Vous avez ci-dessous \u00e0 votre disposition un formulaire \u00e0 t\u00e9l\u00e9charger.<\/p>\n<p style=\"text-align: center;\">Cliquer ici : <a href=\"https:\/\/parolesetmusique-lyon.org\/wp-content\/uploads\/2025\/07\/adhesion-2025-2026-web.pdf\">Bulletin d\u2019adh\u00e9sion 2025-2026<\/a><\/p>\n<\/div>\n<h3><\/h3>\n<h3><\/h3>\n<h3><\/h3>\n<div id=\"primary\" class=\"content-area\"><\/div>\n<div id=\"primary\" class=\"content-area\"><\/div>\n<\/div><\/section><br \/>\n<article  class=\"iconbox iconbox_left    avia-builder-el-10  el_after_av_textblock  avia-builder-el-last  av-icon-style-no-border\"  itemscope=\"itemscope\" itemtype=\"https:\/\/schema.org\/CreativeWork\" ><div class=\"iconbox_content\"><header class=\"entry-content-header\"><div class=\"iconbox_icon heading-color \" aria-hidden='true' data-av_icon='\ue805' data-av_iconfont='entypo-fontello'  ><\/div><\/header><div class='iconbox_content_container  '  itemprop=\"text\"  ><h5><strong>Apr\u00e8s l\u2019avoir imprim\u00e9 et rempli<\/strong><\/h5>\n<p style=\"text-align: left;\"><strong>merci de l\u2019adresser par courrier<\/strong><span class=\"Apple-converted-space\"><strong>\u00a0\u00e0 :<\/strong><br \/>\n<\/span><\/p>\n<p style=\"text-align: left;\">Paroles et Musique Lyon &#8211; 31\/F1 Place Bellecour &#8211; 69002 LYON<br \/>\n<strong>en joignant le ch\u00e8que de r\u00e8glement de votre adh\u00e9sion<\/strong><\/p>\n<\/div><\/div><footer class=\"entry-footer\"><\/footer><\/article><\/p><\/div>\n","protected":false},"excerpt":{"rendered":"","protected":false},"author":3,"featured_media":0,"parent":2152,"menu_order":0,"comment_status":"closed","ping_status":"closed","template":"","meta":{"_coblocks_attr":"","_coblocks_dimensions":"","_coblocks_responsive_height":"","_coblocks_accordion_ie_support":"","_exactmetrics_skip_tracking":false,"_exactmetrics_sitenote_active":false,"_exactmetrics_sitenote_note":"","_exactmetrics_sitenote_category":0,"footnotes":""},"class_list":["post-54","page","type-page","status-publish","hentry"],"_links":{"self":[{"href":"https:\/\/parolesetmusique-lyon.org\/index.php?rest_route=\/wp\/v2\/pages\/54","targetHints":{"allow":["GET"]}}],"collection":[{"href":"https:\/\/parolesetmusique-lyon.org\/index.php?rest_route=\/wp\/v2\/pages"}],"about":[{"href":"https:\/\/parolesetmusique-lyon.org\/index.php?rest_route=\/wp\/v2\/types\/page"}],"author":[{"embeddable":true,"href":"https:\/\/parolesetmusique-lyon.org\/index.php?rest_route=\/wp\/v2\/users\/3"}],"replies":[{"embeddable":true,"href":"https:\/\/parolesetmusique-lyon.org\/index.php?rest_route=%2Fwp%2Fv2%2Fcomments&post=54"}],"version-history":[{"count":95,"href":"https:\/\/parolesetmusique-lyon.org\/index.php?rest_route=\/wp\/v2\/pages\/54\/revisions"}],"predecessor-version":[{"id":14079,"href":"https:\/\/parolesetmusique-lyon.org\/index.php?rest_route=\/wp\/v2\/pages\/54\/revisions\/14079"}],"up":[{"embeddable":true,"href":"https:\/\/parolesetmusique-lyon.org\/index.php?rest_route=\/wp\/v2\/pages\/2152"}],"wp:attachment":[{"href":"https:\/\/parolesetmusique-lyon.org\/index.php?rest_route=%2Fwp%2Fv2%2Fmedia&parent=54"}],"curies":[{"name":"wp","href":"https:\/\/api.w.org\/{rel}","templated":true}]}}