{"id":63,"date":"2015-10-14T21:17:29","date_gmt":"2015-10-14T20:17:29","guid":{"rendered":"http:\/\/parolesetmusique-lyon.org\/?page_id=63"},"modified":"2024-10-09T17:01:08","modified_gmt":"2024-10-09T16:01:08","slug":"historique","status":"publish","type":"page","link":"https:\/\/parolesetmusique-lyon.org\/?page_id=63","title":{"rendered":"Historique"},"content":{"rendered":"<div class=\"flex_column av_one_full  flex_column_div av-zero-column-padding first  avia-builder-el-0  el_before_av_one_full  avia-builder-el-first  \" style='border-radius:0px; '><div  style='padding-bottom:0px; margin:2 2 2 2; ' class='av-special-heading av-special-heading-h3    avia-builder-el-1  avia-builder-el-no-sibling  '><h3 class='av-special-heading-tag '  itemprop=\"headline\"  >de 1994 \u00e0 2013<\/h3><div class='special-heading-border'><div class='special-heading-inner-border' ><\/div><\/div><\/div><\/div>\n<div class=\"flex_column av_one_full  flex_column_div av-zero-column-padding first  avia-builder-el-2  el_after_av_one_full  el_before_av_one_full  column-top-margin\" style='border-radius:0px; '><section class=\"av_textblock_section \"  itemscope=\"itemscope\" itemtype=\"https:\/\/schema.org\/CreativeWork\" ><div class='avia_textblock  '  style='font-size:13px; '  itemprop=\"text\" ><p>PAROLES et MUSIQUE est une association loi 1901, cr\u00e9\u00e9e en 1994, \u00e0 la suite d\u2019une rencontre avec un jeune pianiste, Val\u00e9ry Rogacev, devenu ensuite professeur au Conservatoire National Sup\u00e9rieur de Musique de Lyon. Celui-ci ayant fait conna\u00eetre le souhait de jeunes musiciens et \u00e9tudiants de tester un programme \u00e0 la veille d\u2019un examen, et trouver un public hors les murs, une r\u00e9ponse leur a \u00e9t\u00e9 apport\u00e9e en petit comit\u00e9. Puis ces rendez-vous ponctuels sont devenus plus r\u00e9guliers et se sont \u00e9largis, gr\u00e2ce \u00e0 la cr\u00e9ation d\u2019une structure associative.<\/p>\n<p>Pr\u00e8s de dix ans d\u2019activit\u00e9s tr\u00e8s diverses (conf\u00e9rences, concerts, chorale d\u2019enfants, lectures,\u2026 ) dans des lieux souvent insolites (une p\u00e9niche sur la Sa\u00f4ne, une cour d\u2019immeuble du XVII\u00e8 si\u00e8cle, une galerie de peinture, une ancienne abbaye r\u00e9unissant une collection de limonaires, un atelier de luthier, un bistrot lyonnais de la Croix-Rousse \u2026) ont permis de f\u00e9d\u00e9rer pr\u00e8s d\u2019une centaine d\u2019adh\u00e9rents, m\u00e9lomanes ou sensibles \u00e0 la culture.<\/p>\n<p>Puis en octobre 2013, apr\u00e8s quelques ann\u00e9es de mise en sommeil, la Pr\u00e9sidente, Florence Martin, a repris le flambeau, sous l\u2019impulsion de Fran\u00e7oise Gn\u00e9ri, 1er Prix du CNSM de Paris, ancienne soliste \u00e0 l\u2019orchestre de l\u2019Op\u00e9ra de Paris et professeur d\u2019alto au CNSMD de Lyon, et avec l\u2019appui fid\u00e8le de Val\u00e9ry Rogacev.<\/p>\n<\/div><\/section><\/div>\n<div class=\"flex_column av_one_full  flex_column_div av-zero-column-padding first  avia-builder-el-4  el_after_av_one_full  el_before_av_one_full  column-top-margin\" style='border-radius:0px; '><div  style='padding-bottom:0px; margin:2 2 2 2; ' class='av-special-heading av-special-heading-h3    avia-builder-el-5  avia-builder-el-no-sibling  '><h3 class='av-special-heading-tag '  itemprop=\"headline\"  >De 2013 \u00e0 2024<\/h3><div class='special-heading-border'><div class='special-heading-inner-border' ><\/div><\/div><\/div><\/div><div class=\"flex_column av_one_full  flex_column_div av-zero-column-padding first  avia-builder-el-6  el_after_av_one_full  el_before_av_one_full  column-top-margin\" style='border-radius:0px; '><section class=\"av_textblock_section \"  itemscope=\"itemscope\" itemtype=\"https:\/\/schema.org\/CreativeWork\" ><div class='avia_textblock  '  style='font-size:13px; '  itemprop=\"text\" ><p>L\u2019objectif principal de Paroles et Musique est d\u2019apporter un soutien \u00e0 de jeunes artistes de talent, en cours ou en fin de formation, leur permettre de se faire conna\u00eetre en rencontrant un public vari\u00e9, de trouver des contacts avec des professionnels.<\/p>\n<p>Avec l&rsquo;appui de ses adh\u00e9rents et celui de ses partenaires, l&rsquo;engagement de sa pr\u00e9sidente, Florence Martin, de son Conseil d&rsquo;Administration et de son comit\u00e9 artistique, Paroles et Musique cr\u00e9e ainsi une passerelle de professionnalisation pour ces jeunes artistes, en majorit\u00e9 des musiciens issus du CNSMD de Lyon (Conservatoire Sup\u00e9rieur National de Musique et Danse de Lyon), \u00e0 la veille de leur d\u00e9part dans la vie active ou au d\u00e9but de leur premiers pas professionnels. De jeunes com\u00e9diens sont aussi sollicit\u00e9s pour participer \u00e0 ces soir\u00e9es.<\/p>\n<p>Chaque ann\u00e9e :<br \/>\nsont organis\u00e9s une vingtaine de concerts, publics et priv\u00e9s<br \/>\navec la participation moyenne de 50 musiciens<br \/>\net plus de 1 000 personnes (hors saison 2020-21)<\/p>\n<p>Forte de nombreuses ann\u00e9es d&rsquo;existence, Paroles et Musique Lyon contribue ainsi \u00e0 l&rsquo;\u00e9panouissement des jeunes artistes qui se sont produits par son interm\u00e9diaire. Leur donner l&rsquo;occasion de s&rsquo;exprimer, devant un public connaisseur, reste la priorit\u00e9 de son action, jointe \u00e0 celle de la qualit\u00e9 de ses interventions.<\/p>\n<p>.<\/p>\n<p><a href=\"https:\/\/parolesetmusique-lyon.org\/wp-content\/uploads\/2015\/10\/papilllon-pm-500.jpg\"><img loading=\"lazy\" decoding=\"async\" class=\"wp-image-28 aligncenter\" src=\"https:\/\/parolesetmusique-lyon.org\/wp-content\/uploads\/2015\/10\/papilllon-pm-500-300x240.jpg\" alt=\"Origami butterfly with musical notes\" width=\"146\" height=\"117\" srcset=\"https:\/\/parolesetmusique-lyon.org\/wp-content\/uploads\/2015\/10\/papilllon-pm-500-300x240.jpg 300w, https:\/\/parolesetmusique-lyon.org\/wp-content\/uploads\/2015\/10\/papilllon-pm-500-495x400.jpg 495w, https:\/\/parolesetmusique-lyon.org\/wp-content\/uploads\/2015\/10\/papilllon-pm-500-450x360.jpg 450w, https:\/\/parolesetmusique-lyon.org\/wp-content\/uploads\/2015\/10\/papilllon-pm-500.jpg 625w\" sizes=\"auto, (max-width: 146px) 100vw, 146px\" \/><\/a><\/p>\n<\/div><\/section><\/div><\/p>\n<div class=\"flex_column av_one_full  flex_column_div av-zero-column-padding first  avia-builder-el-8  el_after_av_one_full  el_before_av_one_full  column-top-margin\" style='border-radius:0px; '><div  style='padding-bottom:10px; ' class='av-special-heading av-special-heading-h3    avia-builder-el-9  avia-builder-el-no-sibling  '><h3 class='av-special-heading-tag '  itemprop=\"headline\"  >Depuis 2024<\/h3><div class='special-heading-border'><div class='special-heading-inner-border' ><\/div><\/div><\/div><\/div><div class=\"flex_column av_one_full  flex_column_div av-zero-column-padding first  avia-builder-el-10  el_after_av_one_full  avia-builder-el-last  column-top-margin\" style='border-radius:0px; '><section class=\"av_textblock_section \"  itemscope=\"itemscope\" itemtype=\"https:\/\/schema.org\/CreativeWork\" ><div class='avia_textblock  '   itemprop=\"text\" ><p>Apr\u00e8s 10 ans de pr\u00e9sidence de l&rsquo;association Paroles et Musique, devenue entre temps Paroles et Musique Lyon, Florence Martin passe le flambeau \u00e0 Genevi\u00e8ve Normand, nouvelle pr\u00e9sidente.<\/p>\n<p>L&rsquo;association va donc pouvoir continuer \u00e0 promouvoir de jeunes talents&#8230;<\/p>\n<\/div><\/section><\/div><\/p>\n","protected":false},"excerpt":{"rendered":"","protected":false},"author":3,"featured_media":0,"parent":60,"menu_order":0,"comment_status":"closed","ping_status":"closed","template":"","meta":{"_coblocks_attr":"","_coblocks_dimensions":"","_coblocks_responsive_height":"","_coblocks_accordion_ie_support":"","_exactmetrics_skip_tracking":false,"_exactmetrics_sitenote_active":false,"_exactmetrics_sitenote_note":"","_exactmetrics_sitenote_category":0,"footnotes":""},"class_list":["post-63","page","type-page","status-publish","hentry"],"_links":{"self":[{"href":"https:\/\/parolesetmusique-lyon.org\/index.php?rest_route=\/wp\/v2\/pages\/63","targetHints":{"allow":["GET"]}}],"collection":[{"href":"https:\/\/parolesetmusique-lyon.org\/index.php?rest_route=\/wp\/v2\/pages"}],"about":[{"href":"https:\/\/parolesetmusique-lyon.org\/index.php?rest_route=\/wp\/v2\/types\/page"}],"author":[{"embeddable":true,"href":"https:\/\/parolesetmusique-lyon.org\/index.php?rest_route=\/wp\/v2\/users\/3"}],"replies":[{"embeddable":true,"href":"https:\/\/parolesetmusique-lyon.org\/index.php?rest_route=%2Fwp%2Fv2%2Fcomments&post=63"}],"version-history":[{"count":25,"href":"https:\/\/parolesetmusique-lyon.org\/index.php?rest_route=\/wp\/v2\/pages\/63\/revisions"}],"predecessor-version":[{"id":13851,"href":"https:\/\/parolesetmusique-lyon.org\/index.php?rest_route=\/wp\/v2\/pages\/63\/revisions\/13851"}],"up":[{"embeddable":true,"href":"https:\/\/parolesetmusique-lyon.org\/index.php?rest_route=\/wp\/v2\/pages\/60"}],"wp:attachment":[{"href":"https:\/\/parolesetmusique-lyon.org\/index.php?rest_route=%2Fwp%2Fv2%2Fmedia&parent=63"}],"curies":[{"name":"wp","href":"https:\/\/api.w.org\/{rel}","templated":true}]}}