{"id":65,"date":"2015-10-14T21:17:57","date_gmt":"2015-10-14T20:17:57","guid":{"rendered":"http:\/\/parolesetmusique-lyon.org\/?page_id=65"},"modified":"2024-08-20T19:10:53","modified_gmt":"2024-08-20T18:10:53","slug":"activites","status":"publish","type":"page","link":"https:\/\/parolesetmusique-lyon.org\/?page_id=65","title":{"rendered":"Activit\u00e9s"},"content":{"rendered":"<div  style='padding-bottom:10px; ' class='av-special-heading av-special-heading-h3    avia-builder-el-0  el_before_av_textblock  avia-builder-el-first  '><h3 class='av-special-heading-tag '  itemprop=\"headline\"  >Activit\u00e9s<\/h3><div class='special-heading-border'><div class='special-heading-inner-border' ><\/div><\/div><\/div>\n<section class=\"av_textblock_section \"  itemscope=\"itemscope\" itemtype=\"https:\/\/schema.org\/CreativeWork\" ><div class='avia_textblock  '   itemprop=\"text\" ><p><span style=\"font-family: helvetica, arial, sans-serif;\"><span style=\"color: #000000; font-size: 12pt;\">L&rsquo;objectif principal de PAROLES et MUSIQUE Lyon est d&rsquo;apporter un soutien \u00e0 de jeunes artistes de talent, en cours ou en fin de formation, leur permettre de se faire conna\u00eetre, de rencontrer un public vari\u00e9 et trouver des contacts avec des professionnels de la culture, avant le grand saut vers la vie professionnelle.<br \/>\n<\/span><span style=\"color: #000000; font-size: 12pt;\">(occasionnellement certains concerts peuvent associer, dans le m\u00eame ensemble, de jeunes musiciens et des professionnels confirm\u00e9s).<\/span><\/span><\/p>\n<p><span style=\"color: #000000; font-size: 12pt; font-family: helvetica, arial, sans-serif;\">Les soir\u00e9es musicales se d\u00e9clinent ainsi :<\/span><\/p>\n<ul style=\"list-style-type: disc;\">\n<li><span style=\"color: #000000; font-size: 12pt; font-family: helvetica, arial, sans-serif;\">Les concerts et soir\u00e9es culturelles, organis\u00e9s dans des lieux tr\u00e8s divers : salles de concert, \u00e9glises, mus\u00e9es, mairies, lieux priv\u00e9s, associations, sur une place publique, &#8230;<\/span><br \/>\n<span style=\"font-family: helvetica, arial, sans-serif; font-size: 12pt; color: #000000;\"> et aussi dans des festivals hors de Lyon (r\u00e9cemment celui de Vars dans les Hautes Alpes), et dans des maisons de retraite de Lyon (possibilit\u00e9 comit\u00e9s d&rsquo;entreprise sur demande).<\/span><\/li>\n<\/ul>\n<ul style=\"list-style-type: disc;\">\n<li><span style=\"font-family: helvetica, arial, sans-serif; font-size: 12pt;\"><span style=\"color: #000000;\">Les concerts \u00e0 domicile, avec un ou plusieurs artistes, organis\u00e9s suivant la demande et les envies des familles. Ils ont lieu r\u00e9guli\u00e8rement<\/span><span style=\"color: #000000;\">, \u00e0 la grande satisfaction des familles d\u2019accueil, qui offrent ainsi \u00e0 leurs invit\u00e9s une soir\u00e9e in\u00e9dite, et \u00e0 celle des artistes qui rencontrent un public nouveau dans un environnement convivial. <\/span><span style=\"color: #000000;\">C\u2019est ainsi qu&rsquo;est n\u00e9e la musique de chambre, puis elle s\u2019est d\u00e9velopp\u00e9e au cours des si\u00e8cles, dans un cadre priv\u00e9 et autour des compositeurs et interpr\u00e8tes.<\/span><\/span><\/li>\n<\/ul>\n<p><span style=\"color: #000000; font-family: helvetica, arial, sans-serif; font-size: 12pt;\">La grande vari\u00e9t\u00e9 de lieux et de publics\u00a0est une source d&rsquo;enrichissement pour les jeunes artistes.<\/span><\/p>\n<p><span style=\"color: #000000; font-family: helvetica, arial, sans-serif; font-size: 12pt;\">Des professionnels du spectacle vivant (directeurs artistiques de formations musicales ou th\u00e9\u00e2trales, organisateurs de festivals)\u00a0sont r\u00e9guli\u00e8rement invit\u00e9s\u00a0pour rencontrer les jeunes artistes, et favoriser une mise en contact directe avec leurs futurs employeurs.<\/span><\/p>\n<p><a href=\"https:\/\/parolesetmusique-lyon.org\/wp-content\/uploads\/2015\/10\/papilllon-pm-500.jpg\"><img loading=\"lazy\" decoding=\"async\" class=\"wp-image-28 aligncenter\" src=\"https:\/\/parolesetmusique-lyon.org\/wp-content\/uploads\/2015\/10\/papilllon-pm-500-300x240.jpg\" alt=\"Origami butterfly with musical notes\" width=\"203\" height=\"162\" srcset=\"https:\/\/parolesetmusique-lyon.org\/wp-content\/uploads\/2015\/10\/papilllon-pm-500-300x240.jpg 300w, https:\/\/parolesetmusique-lyon.org\/wp-content\/uploads\/2015\/10\/papilllon-pm-500-450x360.jpg 450w, https:\/\/parolesetmusique-lyon.org\/wp-content\/uploads\/2015\/10\/papilllon-pm-500.jpg 625w\" sizes=\"auto, (max-width: 203px) 100vw, 203px\" \/><\/a><\/p>\n<\/div><\/section>\n","protected":false},"excerpt":{"rendered":"","protected":false},"author":3,"featured_media":0,"parent":60,"menu_order":0,"comment_status":"closed","ping_status":"closed","template":"","meta":{"_coblocks_attr":"","_coblocks_dimensions":"","_coblocks_responsive_height":"","_coblocks_accordion_ie_support":"","_exactmetrics_skip_tracking":false,"_exactmetrics_sitenote_active":false,"_exactmetrics_sitenote_note":"","_exactmetrics_sitenote_category":0,"footnotes":""},"class_list":["post-65","page","type-page","status-publish","hentry"],"_links":{"self":[{"href":"https:\/\/parolesetmusique-lyon.org\/index.php?rest_route=\/wp\/v2\/pages\/65","targetHints":{"allow":["GET"]}}],"collection":[{"href":"https:\/\/parolesetmusique-lyon.org\/index.php?rest_route=\/wp\/v2\/pages"}],"about":[{"href":"https:\/\/parolesetmusique-lyon.org\/index.php?rest_route=\/wp\/v2\/types\/page"}],"author":[{"embeddable":true,"href":"https:\/\/parolesetmusique-lyon.org\/index.php?rest_route=\/wp\/v2\/users\/3"}],"replies":[{"embeddable":true,"href":"https:\/\/parolesetmusique-lyon.org\/index.php?rest_route=%2Fwp%2Fv2%2Fcomments&post=65"}],"version-history":[{"count":37,"href":"https:\/\/parolesetmusique-lyon.org\/index.php?rest_route=\/wp\/v2\/pages\/65\/revisions"}],"predecessor-version":[{"id":11014,"href":"https:\/\/parolesetmusique-lyon.org\/index.php?rest_route=\/wp\/v2\/pages\/65\/revisions\/11014"}],"up":[{"embeddable":true,"href":"https:\/\/parolesetmusique-lyon.org\/index.php?rest_route=\/wp\/v2\/pages\/60"}],"wp:attachment":[{"href":"https:\/\/parolesetmusique-lyon.org\/index.php?rest_route=%2Fwp%2Fv2%2Fmedia&parent=65"}],"curies":[{"name":"wp","href":"https:\/\/api.w.org\/{rel}","templated":true}]}}