{"id":860,"date":"2016-03-14T17:59:56","date_gmt":"2016-03-14T16:59:56","guid":{"rendered":"http:\/\/parolesetmusique-lyon.org\/?page_id=860"},"modified":"2022-04-12T07:34:43","modified_gmt":"2022-04-12T06:34:43","slug":"un-concert-chez-vous","status":"publish","type":"page","link":"https:\/\/parolesetmusique-lyon.org\/?page_id=860","title":{"rendered":"Un concert chez vous"},"content":{"rendered":"<p><a href=\"https:\/\/parolesetmusique-lyon.org\/wp-content\/uploads\/2015\/10\/dessin-3-sign\u00e9-2-personnagesvalid\u00e9-site.jpg\"><img loading=\"lazy\" decoding=\"async\" class=\" wp-image-901 aligncenter\" src=\"https:\/\/parolesetmusique-lyon.org\/wp-content\/uploads\/2015\/10\/dessin-3-sign\u00e9-2-personnagesvalid\u00e9-site-300x181.jpg\" alt=\"\" width=\"540\" height=\"326\" srcset=\"https:\/\/parolesetmusique-lyon.org\/wp-content\/uploads\/2015\/10\/dessin-3-sign\u00e9-2-personnagesvalid\u00e9-site-300x181.jpg 300w, https:\/\/parolesetmusique-lyon.org\/wp-content\/uploads\/2015\/10\/dessin-3-sign\u00e9-2-personnagesvalid\u00e9-site-1030x621.jpg 1030w, https:\/\/parolesetmusique-lyon.org\/wp-content\/uploads\/2015\/10\/dessin-3-sign\u00e9-2-personnagesvalid\u00e9-site-1500x904.jpg 1500w, https:\/\/parolesetmusique-lyon.org\/wp-content\/uploads\/2015\/10\/dessin-3-sign\u00e9-2-personnagesvalid\u00e9-site-705x425.jpg 705w, https:\/\/parolesetmusique-lyon.org\/wp-content\/uploads\/2015\/10\/dessin-3-sign\u00e9-2-personnagesvalid\u00e9-site-450x271.jpg 450w\" sizes=\"auto, (max-width: 540px) 100vw, 540px\" \/><\/a><\/p>\n<p><span style=\"color: #000000;\">Vous d\u00e9sirez organiser une soir\u00e9e musicale\u00a0\u00a0ou\u00a0culturelle chez vous, avec des amis\u00a0?<\/span><\/p>\n<p><span style=\"color: #000000;\">Nous sommes \u00e0 l\u2019\u00e9coute de vos envies et pouvons vous proposer un concert \u00e0 la carte\u00a0: vous choisissez une date, vous faites conna\u00eetre les instruments que vous aimez, et nous vous proposons\u00a0 un choix entre plusieurs possibilit\u00e9s.<\/span><\/p>\n<p><span style=\"color: #000000;\">Une participation\u00a0sera demand\u00e9e, pour la r\u00e9mun\u00e9ration des artistes intervenants et en fonction de leur nombre, \u00e0 r\u00e9partir entre vos invit\u00e9s ou \u00e0 prendre en charge vous-m\u00eame, \u00e0 votre choix. La r\u00e9mun\u00e9ration des artistes et la logistique sont assur\u00e9es par PAROLES et MUSIQUE.<\/span><\/p>\n<p><span style=\"color: #000000;\">N\u2019h\u00e9sitez pas \u00e0 nous contacter par email \u00e0\u00a0 : <a style=\"color: #000000;\" href=\"mailto:parolesetmusique.lyon@gmail.com\">parolesetmusique.lyon@gmail.com<\/a> <\/span><br \/>\n<span style=\"color: #000000;\"> ou\u00a0par la fiche contact du site\u00a0Internet : <a style=\"color: #000000;\" href=\"https:\/\/parolesetmusique-lyon.org\">parolesetmusique-lyon.org<\/a><br \/>\n<\/span><\/p>\n<p><span style=\"color: #000000;\">Quelques exemples de formations :<br \/>\nTrio d&rsquo;anches<br \/>\nalto et violoncelle, alto et harpe<br \/>\nquatuor \u00e0 cordes<br \/>\npiano et basson, ou violoncelle, ou fl\u00fbte\u00a0<\/span><\/p>\n<p><a href=\"https:\/\/parolesetmusique-lyon.org\/wp-content\/uploads\/2016\/08\/Papillon-PM-PNG.png\"><img loading=\"lazy\" decoding=\"async\" class=\"wp-image-1213 aligncenter\" src=\"https:\/\/parolesetmusique-lyon.org\/wp-content\/uploads\/2016\/08\/Papillon-PM-PNG-300x240.png\" alt=\"\" width=\"199\" height=\"159\" srcset=\"https:\/\/parolesetmusique-lyon.org\/wp-content\/uploads\/2016\/08\/Papillon-PM-PNG-300x240.png 300w, https:\/\/parolesetmusique-lyon.org\/wp-content\/uploads\/2016\/08\/Papillon-PM-PNG-768x614.png 768w, https:\/\/parolesetmusique-lyon.org\/wp-content\/uploads\/2016\/08\/Papillon-PM-PNG-1030x824.png 1030w, https:\/\/parolesetmusique-lyon.org\/wp-content\/uploads\/2016\/08\/Papillon-PM-PNG-1500x1200.png 1500w, https:\/\/parolesetmusique-lyon.org\/wp-content\/uploads\/2016\/08\/Papillon-PM-PNG-705x564.png 705w, https:\/\/parolesetmusique-lyon.org\/wp-content\/uploads\/2016\/08\/Papillon-PM-PNG-450x360.png 450w\" sizes=\"auto, (max-width: 199px) 100vw, 199px\" \/><\/a><\/p>\n","protected":false},"excerpt":{"rendered":"<p>Vous d\u00e9sirez organiser une soir\u00e9e musicale\u00a0\u00a0ou\u00a0culturelle chez vous, avec des amis\u00a0? Nous sommes \u00e0 l\u2019\u00e9coute de vos envies et pouvons vous proposer un concert \u00e0 la carte\u00a0: vous choisissez une date, vous faites conna\u00eetre les instruments que vous aimez, et nous vous proposons\u00a0 un choix entre plusieurs possibilit\u00e9s. Une participation\u00a0sera demand\u00e9e, pour la r\u00e9mun\u00e9ration des [&hellip;]<\/p>\n","protected":false},"author":3,"featured_media":0,"parent":0,"menu_order":0,"comment_status":"closed","ping_status":"closed","template":"","meta":{"_coblocks_attr":"","_coblocks_dimensions":"","_coblocks_responsive_height":"","_coblocks_accordion_ie_support":"","_exactmetrics_skip_tracking":false,"_exactmetrics_sitenote_active":false,"_exactmetrics_sitenote_note":"","_exactmetrics_sitenote_category":0,"footnotes":""},"class_list":["post-860","page","type-page","status-publish","hentry"],"_links":{"self":[{"href":"https:\/\/parolesetmusique-lyon.org\/index.php?rest_route=\/wp\/v2\/pages\/860","targetHints":{"allow":["GET"]}}],"collection":[{"href":"https:\/\/parolesetmusique-lyon.org\/index.php?rest_route=\/wp\/v2\/pages"}],"about":[{"href":"https:\/\/parolesetmusique-lyon.org\/index.php?rest_route=\/wp\/v2\/types\/page"}],"author":[{"embeddable":true,"href":"https:\/\/parolesetmusique-lyon.org\/index.php?rest_route=\/wp\/v2\/users\/3"}],"replies":[{"embeddable":true,"href":"https:\/\/parolesetmusique-lyon.org\/index.php?rest_route=%2Fwp%2Fv2%2Fcomments&post=860"}],"version-history":[{"count":35,"href":"https:\/\/parolesetmusique-lyon.org\/index.php?rest_route=\/wp\/v2\/pages\/860\/revisions"}],"predecessor-version":[{"id":11375,"href":"https:\/\/parolesetmusique-lyon.org\/index.php?rest_route=\/wp\/v2\/pages\/860\/revisions\/11375"}],"wp:attachment":[{"href":"https:\/\/parolesetmusique-lyon.org\/index.php?rest_route=%2Fwp%2Fv2%2Fmedia&parent=860"}],"curies":[{"name":"wp","href":"https:\/\/api.w.org\/{rel}","templated":true}]}}